{"id":30,"date":"2024-06-07T18:26:44","date_gmt":"2024-06-07T16:26:44","guid":{"rendered":"https:\/\/danielareinke.de\/?page_id=30"},"modified":"2026-02-09T17:04:15","modified_gmt":"2026-02-09T16:04:15","slug":"startseite","status":"publish","type":"page","link":"https:\/\/danielareinke.de\/","title":{"rendered":"Startseite"},"content":{"rendered":"\n<div style=\"height:5px\" aria-hidden=\"true\" class=\"wp-block-spacer\"><\/div>\n\n\n\n<div class=\"wp-block-columns is-layout-flex wp-container-core-columns-is-layout-9d6595d7 wp-block-columns-is-layout-flex\">\n<div class=\"wp-block-column is-layout-flow wp-block-column-is-layout-flow\" style=\"flex-basis:27%\">\n<figure class=\"wp-block-image size-full is-resized is-style-default\"><img fetchpriority=\"high\" decoding=\"async\" width=\"1086\" height=\"1116\" src=\"http:\/\/danielareinke.de\/wp-content\/uploads\/2024\/06\/f989a275-cd9d-476e-9ae2-399e19fdf4c2.jpeg\" alt=\"\" class=\"wp-image-326\" style=\"aspect-ratio:1;object-fit:contain;width:290px\" srcset=\"https:\/\/danielareinke.de\/wp-content\/uploads\/2024\/06\/f989a275-cd9d-476e-9ae2-399e19fdf4c2.jpeg 1086w, https:\/\/danielareinke.de\/wp-content\/uploads\/2024\/06\/f989a275-cd9d-476e-9ae2-399e19fdf4c2-292x300.jpeg 292w, https:\/\/danielareinke.de\/wp-content\/uploads\/2024\/06\/f989a275-cd9d-476e-9ae2-399e19fdf4c2-996x1024.jpeg 996w, https:\/\/danielareinke.de\/wp-content\/uploads\/2024\/06\/f989a275-cd9d-476e-9ae2-399e19fdf4c2-768x789.jpeg 768w\" sizes=\"(max-width: 1086px) 100vw, 1086px\" \/><\/figure>\n<\/div>\n\n\n\n<div class=\"wp-block-column is-layout-flow wp-block-column-is-layout-flow\" style=\"padding-top:var(--wp--preset--spacing--30);padding-right:var(--wp--preset--spacing--20);padding-bottom:var(--wp--preset--spacing--30);padding-left:var(--wp--preset--spacing--20);flex-basis:60%\">\n<div style=\"height:46px\" aria-hidden=\"true\" class=\"wp-block-spacer\"><\/div>\n\n\n\n<p style=\"font-size:18px\">Mein Name ist Daniela Aneesha und ich biete Tibetische Energiearbeit in Hamburg an.<\/p>\n\n\n\n<p style=\"font-size:18px\">Auf dieser Seite kannst du dir einen ersten \u00dcberblick \u00fcber die TE verschaffen. Wenn Fragen auftauchen oder du an einer Behandlung interessiert bist, dann schreibe mir gerne eine Nachricht \u00fcber das Kontaktformular. Ich freue mich auf dich!<\/p>\n<\/div>\n<\/div>\n\n\n\n<div style=\"height:79px\" aria-hidden=\"true\" class=\"wp-block-spacer\"><\/div>\n\n\n\n<h2 class=\"wp-block-heading\">Tibetische Energiearbeit<\/h2>\n\n\n\n<div class=\"wp-block-columns is-layout-flex wp-container-core-columns-is-layout-9d6595d7 wp-block-columns-is-layout-flex\">\n<div class=\"wp-block-column is-layout-flow wp-block-column-is-layout-flow\" style=\"padding-top:var(--wp--preset--spacing--40);padding-right:var(--wp--preset--spacing--20);padding-bottom:var(--wp--preset--spacing--40);padding-left:var(--wp--preset--spacing--20);flex-basis:66.66%\">\n<p style=\"font-size:18px\">Das System der 24 Organkreise basiert auf dem uralten Wissen tibetischer Meister. W\u00e4hrend vieler Jahrhunderte wurde das Wissen innerhalb von Klostermauern m\u00fcndlich von einer Generation zur n\u00e4chsten tradiert. In den siebziger Jahren entdeckte James Murley (Dheeraj) die Methode wieder. Er fand w\u00e4hrend einer schweren Erkrankung einen inneren Zugang zu dem Geheimwissen der Tibeter und konnte so durch freiwerdende Selbstheilungskr\u00e4fte genesen. Durch seine sp\u00e4tere Arbeit wurde das System der 24 Organkreise erstmals auch au\u00dferhalb Tibets bekannt und steht nun uns zur Verf\u00fcgung.<\/p>\n\n\n\n<p style=\"font-size:18px\">Michaela Bergmeier hat in jahrzehntelanger Forschung die Methode verfeinert und damit noch lichtvollere Ebenen erschlossen. &#8220;In dieser Methode arbeiten wir mit den Dimensionen der 24 inneren Lichter. Die TE\u00ae fokussiert nicht auf die Ebene der Probleme, sondern<br>auf die in unserer Tiefe liegenden Weisheitsdimensionen. Alle f\u00fchlenden<br>Wesen haben in sich diese Quelle. In der Behandlung stellen wir Kontakt<br>zwischen dieser Tiefe und unserem Alltagsbewusstsein her. Dies bringt<br>eine wunderbare neue Leichtigkeit und Vitalit\u00e4t ins Leben.&#8221; (M.Bergmeier)<\/p>\n\n\n\n<p style=\"font-size:18px\"><\/p>\n<\/div>\n\n\n\n<div class=\"wp-block-column is-layout-flow wp-block-column-is-layout-flow\" style=\"flex-basis:33.33%\">\n<figure class=\"wp-block-image size-large\"><img decoding=\"async\" width=\"1024\" height=\"1017\" src=\"http:\/\/danielareinke.de\/wp-content\/uploads\/2024\/06\/TE-Mandala-linkes-Auge-no-background-1024x1017.png\" alt=\"\" class=\"wp-image-88\" srcset=\"https:\/\/danielareinke.de\/wp-content\/uploads\/2024\/06\/TE-Mandala-linkes-Auge-no-background-1024x1017.png 1024w, https:\/\/danielareinke.de\/wp-content\/uploads\/2024\/06\/TE-Mandala-linkes-Auge-no-background-300x298.png 300w, https:\/\/danielareinke.de\/wp-content\/uploads\/2024\/06\/TE-Mandala-linkes-Auge-no-background-150x150.png 150w, https:\/\/danielareinke.de\/wp-content\/uploads\/2024\/06\/TE-Mandala-linkes-Auge-no-background-768x762.png 768w, https:\/\/danielareinke.de\/wp-content\/uploads\/2024\/06\/TE-Mandala-linkes-Auge-no-background.png 1233w\" sizes=\"(max-width: 1024px) 100vw, 1024px\" \/><\/figure>\n<\/div>\n<\/div>\n\n\n\n<div style=\"height:34px\" aria-hidden=\"true\" class=\"wp-block-spacer\"><\/div>\n\n\n\n<h2 class=\"wp-block-heading\">\u00dcber die STILLE <\/h2>\n\n\n\n<div class=\"wp-block-columns is-layout-flex wp-container-core-columns-is-layout-14e777db wp-block-columns-is-layout-flex\" style=\"padding-right:var(--wp--preset--spacing--20);padding-left:var(--wp--preset--spacing--20)\">\n<div class=\"wp-block-column is-layout-flow wp-block-column-is-layout-flow\" style=\"padding-right:var(--wp--preset--spacing--20);padding-left:var(--wp--preset--spacing--20);flex-basis:70%\">\n<p><\/p>\n\n\n\n<p style=\"font-size:18px\">Die STILLE bietet den Raum, in dem wahre Heilung m\u00f6glich wird und der Mensch in seinen nat\u00fcrlichen Zustand zur\u00fcckfindet. STILLE ist f\u00fcr mich selbst die wichtigste Kraftquelle in meinem Leben. Ramana Maharshi empfohl die Frage &#8220;Wer bin ich?&#8221; allen ernsthaft spirituell Interessierten. Diese Frage f\u00fchrt uns zur\u00fcck zur Quelle allen SEINS. <\/p>\n\n\n\n<p><\/p>\n\n\n\n<p style=\"font-size:18px\"><\/p>\n<\/div>\n\n\n\n<div class=\"wp-block-column is-layout-flow wp-block-column-is-layout-flow\" style=\"flex-basis:30%\">\n<figure class=\"wp-block-image size-large is-style-default\"><img decoding=\"async\" src=\"https:\/\/www.chronicleproject.com\/wp-content\/uploads\/2014\/08\/bhagavan_sri_ramana_maharshi_4-2.jpg\" alt=\"\" style=\"object-fit:cover\"\/><\/figure>\n<\/div>\n<\/div>\n\n\n\n<div style=\"height:68px\" aria-hidden=\"true\" class=\"wp-block-spacer\"><\/div>\n\n\n\n<h2 class=\"wp-block-heading\">Die Behandlung<\/h2>\n\n\n\n<div class=\"wp-block-columns is-layout-flex wp-container-core-columns-is-layout-9d6595d7 wp-block-columns-is-layout-flex\">\n<div class=\"wp-block-column is-layout-flow wp-block-column-is-layout-flow\" style=\"padding-top:0;padding-right:var(--wp--preset--spacing--20);padding-bottom:0;padding-left:var(--wp--preset--spacing--20);flex-basis:70%\">\n<p style=\"font-size:18px\">Eine TE Behandlung dauert circa 90 Minuten. In einem kurzen Vorgespr\u00e4ch kl\u00e4ren wir zun\u00e4chst dein Anliegen und schauen dann gemeinsam, was dich an diesem Tag bewegt. Von einem k\u00f6rperlichen Schmerz, \u00fcber eine emotionale Herausforderung bis zu qu\u00e4lenden Gedanken oder einem spirituellen Entwicklungswunsch ist jedes erdenkliche Thema willkommen. Aus den  24 Organkreisen, die auf k\u00f6rperlicher, emotionaler, mentaler und spiritueller Ebene Heilung erm\u00f6glichen, suche ich 2-3 Verschiedene aus, die zu deinem Anliegen passen. Du machst es dir im Liegen bequem und ich werde dich sanft an verschiedenen Punkten deines K\u00f6rpers ber\u00fchren, denn jeder Organkreis l\u00e4sst sich durch bestimmte Punkte am K\u00f6rper ansprechen. M\u00f6glicherweise sp\u00fcrst du ein Pulsieren, nimmst W\u00e4rme- oder K\u00e4lteempfindungen wahr oder es tauchen Bilder und Emotionen auf. Jede Behandlung ist in ihrem Erleben einzigartig und jedes Mal frisch. Sie findet in STILLE statt. Zum Abschluss runden wir die Behandlung mit einem Gespr\u00e4ch ab. M\u00f6glicherweise klingt die Behandlung in den n\u00e4chsten Tagen noch nach und du nimmst erste Ver\u00e4nderungen wahr. <\/p>\n\n\n\n<p><\/p>\n\n\n\n<p><\/p>\n\n\n\n<p><\/p>\n\n\n\n<p><\/p>\n<\/div>\n\n\n\n<div class=\"wp-block-column is-layout-flow wp-block-column-is-layout-flow\" style=\"flex-basis:30%\">\n<figure class=\"wp-block-image size-full is-style-default\"><img decoding=\"async\" width=\"680\" height=\"706\" src=\"https:\/\/danielareinke.de\/wp-content\/uploads\/2025\/10\/Blaue-Lilie.jpg\" alt=\"\" class=\"wp-image-940\" srcset=\"https:\/\/danielareinke.de\/wp-content\/uploads\/2025\/10\/Blaue-Lilie.jpg 680w, https:\/\/danielareinke.de\/wp-content\/uploads\/2025\/10\/Blaue-Lilie-289x300.jpg 289w\" sizes=\"(max-width: 680px) 100vw, 680px\" \/><\/figure>\n<\/div>\n<\/div>\n\n\n\n<div style=\"height:68px\" aria-hidden=\"true\" class=\"wp-block-spacer\"><\/div>\n\n\n\n<div class=\"wp-block-group has-white-color has-text-color has-background has-link-color wp-elements-6eb5eb2d203ee0fbc4c25cfcad700722\" style=\"background-color:#b27ba1;padding-top:var(--wp--preset--spacing--30);padding-right:var(--wp--preset--spacing--30);padding-bottom:var(--wp--preset--spacing--30);padding-left:var(--wp--preset--spacing--30);font-size:12px\"><div class=\"wp-block-group__inner-container is-layout-constrained wp-container-core-group-is-layout-651e6f64 wp-block-group-is-layout-constrained\">\n<div style=\"height:45px\" aria-hidden=\"true\" class=\"wp-block-spacer\"><\/div>\n\n\n\n<div class=\"wp-block-columns is-layout-flex wp-container-core-columns-is-layout-9d6595d7 wp-block-columns-is-layout-flex\">\n<div class=\"wp-block-column is-layout-flow wp-block-column-is-layout-flow\" style=\"flex-basis:5%\"><\/div>\n\n\n\n<div class=\"wp-block-column is-layout-flow wp-block-column-is-layout-flow\">\n<p class=\"has-text-align-left has-white-color has-text-color has-link-color wp-elements-d408b105fc5e98638ac425ab878f5c88\" style=\"font-size:36px\">Erfahrungsberichte<\/p>\n<\/div>\n\n\n\n<div class=\"wp-block-column is-layout-flow wp-block-column-is-layout-flow\"><\/div>\n<\/div>\n\n\n\n<div class=\"wp-block-columns is-not-stacked-on-mobile is-layout-flex wp-container-core-columns-is-layout-abbe5815 wp-block-columns-is-layout-flex\" style=\"padding-top:0;padding-right:0;padding-bottom:0;padding-left:0\">\n<div class=\"wp-block-column is-layout-flow wp-block-column-is-layout-flow\" style=\"flex-basis:5%\"><\/div>\n\n\n\n<div class=\"wp-block-column is-layout-flow wp-block-column-is-layout-flow\" style=\"flex-basis:90%\"><div class=\"strong-view strong-widget strong-view-id-1 bold wpmtst-bold slider-container slider-mode-horizontal slider-adaptive\" data-count=2 data-slider-var=strong_slider_id_1 data-state=idle><div class=\"strong-content wpmslider-content\"><div class=\"wpmtst-testimonial testimonial t-slide post-309\"><div class=\"wpmtst-testimonial-inner testimonial-inner\"><div data-infinite-loop=\"true\"  class=\"wpmtst-testimonial-content testimonial-content\"><div style=\"text-align: left;\">&#8220;Da ich auf einer Insel wohne, ist die Fernbehandlung der TE ein gro\u00dfes Geschenk f\u00fcr mich. Durch die offene empathische Art von Daniela, sowie ihr breit aufgestelltes Wissen im Bereich der TE, darf ich an jedem Ort der Welt diesen wunderbaren Weg der Heilung erfahren.&#8221; &#8211; <em>Christine<\/em><\/div><\/div><div class=\"clear\"><\/div><\/div><\/div><div class=\"wpmtst-testimonial testimonial t-slide post-191\"><div class=\"wpmtst-testimonial-inner testimonial-inner\"><div data-infinite-loop=\"true\"  class=\"wpmtst-testimonial-content testimonial-content\"><p style=\"text-align: left;\">&#8220;Eine Behandlung bei Daniela ist wie eine warme Umarmung. Ihre liebevolle und kompetente Herangehensweise erm\u00f6glicht totales Los- und Einlassen auf tiefe Prozesse, immer im besten Sinne des Klienten. Sich in ihre einf\u00fchlsamen H\u00e4nde zu begeben ist ein absolutes Geschenk!&#8221; &#8211; <em>Nicole<\/em><\/p><\/div><div class=\"clear\"><\/div><\/div><\/div><\/div><\/div><\/div>\n\n\n\n<div class=\"wp-block-column is-layout-flow wp-block-column-is-layout-flow\" style=\"flex-basis:5%\"><\/div>\n<\/div>\n\n\n\n<div style=\"height:39px\" aria-hidden=\"true\" class=\"wp-block-spacer\"><\/div>\n<\/div><\/div>\n\n\n\n<div style=\"height:9px\" aria-hidden=\"true\" class=\"wp-block-spacer\"><\/div>\n\n\n\n<hr class=\"wp-block-separator has-alpha-channel-opacity\"\/>\n\n\n\n<div style=\"height:18px\" aria-hidden=\"true\" class=\"wp-block-spacer\"><\/div>\n\n\n\n<h2 class=\"wp-block-heading\">Wichtige Information:<\/h2>\n\n\n\n<p>Ausdr\u00fccklich weise ich darauf hin, dass die angebotenen T\u00e4tigkeiten nicht die Dienste eines Arztes oder Heilpraktikers ersetzen. Die T\u00e4tigkeiten grenzen sich grundlegend von der T\u00e4tigkeit des Arztes oder Heilpraktikers ab, indem keine Diagnosen erstellt oder Heilungsversprechen abgegeben werden, es geht auch nicht um Behandlungen gem\u00e4\u00df Heilpraktikergesetz. Es werden von mir keine Leiden mit medizinischer Erfordernis oder Hintergrund behandelt oder Medikamente verabreicht, noch mache ich medizinische Ratschl\u00e4ge oder ein Heilungsversprechen. Sollten Sie sich zur Zeit wegen irgendeines Leidens in medizinischer Behandlung befinden, so unterbrechen Sie diese auf keinen Fall ohne vorherige Absprache mit Ihrem Arzt.<\/p>\n\n\n\n<p>Am 02. M\u00e4rz 2004 hat das Bundesverfassungsgericht (AZ:1 BvR 784\/03) entschieden:<\/p>\n\n\n\n<p>Wer die Selbstheilungskr\u00e4fte des Patienten durch Handauflegen aktiviert und dabei keine Diagnose stellt, ben\u00f6tigt keine Heilpraktikererlaubnis.<\/p>\n\n\n\n<p>Es wird von mir keine Garantie f\u00fcr eine erfolgreiche Behandlung \u00fcbernommen. Der Grund des Erfolges liegt in Ihrer pers\u00f6nlichen und geistigen Konstitution.<\/p>\n","protected":false},"excerpt":{"rendered":"<p>Mein Name ist Daniela Aneesha und ich biete Tibetische Energiearbeit in Hamburg an. Auf dieser Seite kannst du dir einen ersten \u00dcberblick \u00fcber die TE verschaffen. Wenn Fragen auftauchen oder du an einer Behandlung interessiert bist, dann schreibe mir gerne eine Nachricht \u00fcber das Kontaktformular. Ich freue mich auf dich! Tibetische Energiearbeit Das System der <a href=\"https:\/\/danielareinke.de\/\" class=\"read-more below\">READ MORE<\/a><\/p>\n","protected":false},"author":1,"featured_media":0,"parent":0,"menu_order":0,"comment_status":"closed","ping_status":"closed","template":"","meta":{"footnotes":""},"class_list":["post-30","page","type-page","status-publish","hentry"],"_links":{"self":[{"href":"https:\/\/danielareinke.de\/index.php?rest_route=\/wp\/v2\/pages\/30","targetHints":{"allow":["GET"]}}],"collection":[{"href":"https:\/\/danielareinke.de\/index.php?rest_route=\/wp\/v2\/pages"}],"about":[{"href":"https:\/\/danielareinke.de\/index.php?rest_route=\/wp\/v2\/types\/page"}],"author":[{"embeddable":true,"href":"https:\/\/danielareinke.de\/index.php?rest_route=\/wp\/v2\/users\/1"}],"replies":[{"embeddable":true,"href":"https:\/\/danielareinke.de\/index.php?rest_route=%2Fwp%2Fv2%2Fcomments&post=30"}],"version-history":[{"count":195,"href":"https:\/\/danielareinke.de\/index.php?rest_route=\/wp\/v2\/pages\/30\/revisions"}],"predecessor-version":[{"id":1248,"href":"https:\/\/danielareinke.de\/index.php?rest_route=\/wp\/v2\/pages\/30\/revisions\/1248"}],"wp:attachment":[{"href":"https:\/\/danielareinke.de\/index.php?rest_route=%2Fwp%2Fv2%2Fmedia&parent=30"}],"curies":[{"name":"wp","href":"https:\/\/api.w.org\/{rel}","templated":true}]}}